{"id":351,"date":"2026-03-26T15:00:49","date_gmt":"2026-03-26T19:00:49","guid":{"rendered":"https:\/\/laurentidesimmobilier.ca\/?page_id=351"},"modified":"2026-03-29T11:11:55","modified_gmt":"2026-03-29T15:11:55","slug":"contact-2","status":"publish","type":"page","link":"https:\/\/laurentidesimmobilier.ca\/contact-2\/","title":{"rendered":"CONTACT"},"content":{"rendered":"<div class=\"frm_forms  with_frm_style frm_style_formidable-style\" id=\"frm_form_2_container\" data-token=\"dd6722117f177b19ac93582b175df3ac\">\n<form enctype=\"multipart\/form-data\" method=\"post\" class=\"frm-show-form \" id=\"form_contact-us\" data-token=\"dd6722117f177b19ac93582b175df3ac\">\n<div class=\"frm_form_fields \">\n<fieldset>\n<legend class=\"frm_screen_reader\">Contact Us<\/legend>\r\n\r\n<div class=\"frm_fields_container\">\n<input type=\"hidden\" name=\"frm_action\" value=\"create\" \/>\n<input type=\"hidden\" name=\"form_id\" value=\"2\" \/>\n<input type=\"hidden\" name=\"frm_hide_fields_2\" id=\"frm_hide_fields_2\" value=\"\" \/>\n<input type=\"hidden\" name=\"form_key\" value=\"contact-us\" \/>\n<input type=\"hidden\" name=\"item_meta[0]\" value=\"\" \/>\n<input type=\"hidden\" id=\"frm_submit_entry_2\" name=\"frm_submit_entry_2\" value=\"59124105e0\" \/><input type=\"hidden\" name=\"_wp_http_referer\" value=\"\/index.php?rest_route=%2Fwp%2Fv2%2Fpages%2F351\" \/><div id=\"frm_field_12_container\" class=\"frm_form_field form-field  frm_required_field frm_top_container frm_first frm_half\">\r\n    <label for=\"field_qh4icy2\" class=\"frm_primary_label\">IDENTIFICATION\r\n        <span class=\"frm_required\">*<\/span>\r\n    <\/label>\r\n    <input type=\"text\" id=\"field_qh4icy2\" name=\"item_meta[12]\" value=\"\"  data-reqmsg=\"IDENTIFICATION cannot be blank.\" aria-required=\"true\" data-invmsg=\"IDENTIFICATION is invalid\" aria-invalid=\"false\"   aria-describedby=\"frm_desc_field_qh4icy2\"\/>\r\n    <div class=\"frm_description\" id=\"frm_desc_field_qh4icy2\">PR\u00c9NOM<\/div>\r\n    \r\n<\/div>\n<div id=\"frm_field_13_container\" class=\"frm_form_field form-field  frm_required_field frm_hidden_container frm_half\">\r\n    <label for=\"field_ocfup12\" class=\"frm_primary_label\">\r\n        <span class=\"frm_required\">*<\/span>\r\n    <\/label>\r\n    <input type=\"text\" id=\"field_ocfup12\" name=\"item_meta[13]\" value=\"\"  data-reqmsg=\"This field cannot be blank.\" aria-required=\"true\" data-invmsg=\"Ce champ is invalid\" aria-invalid=\"false\"   aria-describedby=\"frm_desc_field_ocfup12\"\/>\r\n    <div class=\"frm_description\" id=\"frm_desc_field_ocfup12\">NOM<\/div>\r\n    \r\n<\/div>\n<div id=\"frm_field_14_container\" class=\"frm_form_field form-field  frm_required_field frm_top_container frm6 frm_first\">\r\n    <label for=\"field_29yf4d2\" class=\"frm_primary_label\">EMAIL\r\n        <span class=\"frm_required\">*<\/span>\r\n    <\/label>\r\n    <input type=\"email\" id=\"field_29yf4d2\" name=\"item_meta[14]\" value=\"\"  data-reqmsg=\"EMAIL cannot be blank.\" aria-required=\"true\" data-invmsg=\"Please enter a valid email address\" aria-invalid=\"false\"  \/>\r\n    \r\n    \r\n<\/div>\n<div id=\"frm_field_21_container\" class=\"frm_form_field form-field  frm_top_container frm6\">\r\n\t<label for=\"field_2meec\" id=\"field_2meec_label\" class=\"frm_primary_label\">T\u00c9L\u00c9PHONE\r\n\t\t<span class=\"frm_required\" aria-hidden=\"true\"><\/span>\r\n\t<\/label>\r\n\t<input type=\"text\" id=\"field_2meec\" name=\"item_meta[21]\" value=\"\"  data-invmsg=\"T\u00c9L\u00c9PHONE is invalid\" aria-invalid=\"false\"  \/>\r\n\t\r\n\t\r\n<\/div>\n<div id=\"frm_field_16_container\" class=\"frm_form_field form-field  frm_top_container frm_full\">\r\n    <label for=\"field_9jv0r12\" class=\"frm_primary_label\">Message\r\n        <span class=\"frm_required\"><\/span>\r\n    <\/label>\r\n    <textarea name=\"item_meta[16]\" id=\"field_9jv0r12\" rows=\"5\"  data-invmsg=\"Message est non valide\" aria-invalid=\"false\"  ><\/textarea>\r\n    \r\n    \r\n<\/div>\n<div id=\"frm_field_33_container\" class=\"frm_form_field form-field  frm_required_field frm_top_container vertical_radio\">\r\n\t<div  id=\"field_x18i5_label\" class=\"frm_primary_label\">\r\n\t\t<span class=\"frm_required\" aria-hidden=\"true\">*<\/span>\r\n\t<\/div>\r\n\t<div class=\"frm_opt_container\" aria-labelledby=\"field_x18i5_label\" role=\"group\">\t\t<div class=\"frm_checkbox\" id=\"frm_checkbox_33-0\">\t\t\t<label  for=\"field_x18i5-0\">\n\t\t\t<input type=\"checkbox\" name=\"item_meta[33][]\" id=\"field_x18i5-0\" value=\"J\u2019accepte de recevoir des messages texte et courriels de confirmation et de rappel de rendez-vous de la part de Nicolas Michaud (fr\u00e9quence variable). Des frais de messagerie peuvent s\u2019appliquer.\"  data-reqmsg=\"Ce champ ne peut pas \u00eatre vide.\" data-invmsg=\"Ce champ est non valide\"   aria-required=\"true\"  \/> J\u2019accepte de recevoir des messages texte et courriels de confirmation et de rappel de rendez-vous de la part de Nicolas Michaud (fr\u00e9quence variable). Des frais de messagerie peuvent s\u2019appliquer.<\/label><\/div>\n<\/div>\r\n\t\r\n\t\r\n<\/div>\n<div id=\"frm_field_34_container\" class=\"frm_form_field form-field  frm_required_field frm_top_container vertical_radio\">\r\n\t<div  id=\"field_kj9vm_label\" class=\"frm_primary_label\">\r\n\t\t<span class=\"frm_required\" aria-hidden=\"true\">*<\/span>\r\n\t<\/div>\r\n\t<div class=\"frm_opt_container\" aria-labelledby=\"field_kj9vm_label\" role=\"group\">\t\t<div class=\"frm_checkbox\" id=\"frm_checkbox_34-0\">\t\t\t<label  for=\"field_kj9vm-0\">\n\t\t\t<input type=\"checkbox\" name=\"item_meta[34][]\" id=\"field_kj9vm-0\" value=\"J\u2019accepte de recevoir des messages texte et courriels promotionnels de la part de Nicolas Michaud (fr\u00e9quence variable). Des frais de messagerie peuvent s\u2019appliquer. R\u00e9ponds AIDE pour assistance, STOP pour te d\u00e9sinscrire.\"  data-reqmsg=\"Ce champ ne peut pas \u00eatre vide.\" data-invmsg=\"Ce champ est non valide\"   aria-required=\"true\"  \/> J\u2019accepte de recevoir des messages texte et courriels promotionnels de la part de Nicolas Michaud (fr\u00e9quence variable). Des frais de messagerie peuvent s\u2019appliquer. R\u00e9ponds AIDE pour assistance, STOP pour te d\u00e9sinscrire.<\/label><\/div>\n<\/div>\r\n\t\r\n\t\r\n<\/div>\n<div id=\"frm_field_17_container\" class=\"frm_form_field form-field \">\r\n\t<div class=\"frm_submit\">\r\n\r\n<button class=\"frm_button_submit\" type=\"submit\" >ENVOYER<\/button>\r\n\r\n<\/div>\r\n<\/div>\n\t<input type=\"hidden\" name=\"item_key\" value=\"\" \/>\n\t\t\t<div id=\"frm_field_52_container\">\n\t\t\t<label for=\"field_no1i0\" >\n\t\t\t\tSi vous \u00eates un humain, ne remplissez pas ce champ.\t\t\t<\/label>\n\t\t\t<input  id=\"field_no1i0\" type=\"text\" class=\"frm_form_field form-field frm_verify\" name=\"item_meta[52]\" value=\"\"  \/>\n\t\t<\/div>\n\t\t<input name=\"frm_state\" type=\"hidden\" value=\"1QBUzvdQxgEEspPOBcX+ogK07jOqaorH04GRFhoOevs=\" \/><\/div>\n<\/fieldset>\n<\/div>\n\n<p style=\"display: none !important;\" class=\"akismet-fields-container\" data-prefix=\"ak_\"><label>&#916;<textarea name=\"ak_hp_textarea\" cols=\"45\" rows=\"8\" maxlength=\"100\"><\/textarea><\/label><input type=\"hidden\" id=\"ak_js_1\" name=\"ak_js\" value=\"100\"\/><script>document.getElementById( \"ak_js_1\" ).setAttribute( \"value\", ( new Date() ).getTime() );<\/script><\/p><\/form>\n<\/div>\n","protected":false},"excerpt":{"rendered":"","protected":false},"author":218238227,"featured_media":0,"parent":0,"menu_order":0,"comment_status":"closed","ping_status":"closed","template":"","meta":{"_crdt_document":"{\"document\":\"AAAR1pTh5xI1p\/6chwrWlOHnEgIxCB4BAgwGAQEIARBICBZCfCgCEBxCbCiqCIABPq4BgAG2AeYGQtIJBAIAshEC9BGECQBZKAMnAAQAJwEoBCcAKAQnACgBBwAhACgAIQAnACESJwAhAKEBAQAhAKEDIQABAAAAgQAAAIEAAACBAAAAgQAAAIEAAACBAAAAoQEAAKgBJwAoACEAqAEoAIT+BrUGc3RhdGV2ZXJzaW9uZG9jdW1lbnRkYXRlZG9jdW1lbnRzbHVnZG9jdW1lbnRzdGF0dXNkb2N1bWVudHRpdGxlQ09OVEFDVGRvY3VtZW50Y29udGVudGRvY3VtZW50ZXhjZXJwdGRvY3VtZW50YXV0aG9yZG9jdW1lbnRmZWF0dXJlZF9tZWRpYWRvY3VtZW50Y29tbWVudF9zdGF0dXNkb2N1bWVudHBpbmdfc3RhdHVzZG9jdW1lbnR0ZW1wbGF0ZWRvY3VtZW50bWV0YWFkdmFuY2VkX3Nlb19kZXNjcmlwdGlvbmpldHBhY2tfc2VvX2h0bWxfdGl0bGVqZXRwYWNrX3Nlb19ub2luZGV4amV0cGFja19wb3N0X3dhc19ldmVyX3B1Ymxpc2hlZGZvb3Rub3Rlc2RvY3VtZW50YmxvY2tzc3RhdGVzYXZlZEF0c3RhdGVzYXZlZEJ5Y2xpZW50SWRpc1ZhbGlkbmFtZWF0dHJpYnV0ZXNzdWJqZWN0dG9jdXN0b21UaGFua3lvdWN1c3RvbVRoYW5reW91SGVhZGluZ2N1c3RvbVRoYW5reW91TWVzc2FnZWN1c3RvbVRoYW5reW91UmVkaXJlY3Rjb25maXJtYXRpb25UeXBlZm9ybVRpdGxldmFyaWF0aW9uTmFtZXNhbGVzZm9yY2VEYXRhbWFpbHBvZXRob3N0aW5nZXJSZWFjaHNhdmVSZXNwb25zZXNlbWFpbE5vdGlmaWNhdGlvbnNkaXNhYmxlR29CYWNrZGlzYWJsZVN1bW1hcnlmb3JtTm90aWZpY2F0aW9uc25vdGlmaWNhdGlvblJlY2lwaWVudHN3ZWJob29rc2lubmVyQmxvY2tzamV0cGFja0NSTXJlZmxheW91dGNvbnRlbnRkcm9wQ2Fwc3RhdGV2ZXJzaW9uZm9ybUlkPCEtLSB3cDpmb3JtaWRhYmxlL3NpbXBsZS1mb3JtIHsiZm9ybUlkIjoiMiJ9IC0tPgo8ZGl2Pltmb3JtaWRhYmxlIGlkPSIyIl08L2Rpdj4KPCEtLSAvd3A6Zm9ybWlkYWJsZS9zaW1wbGUtZm9ybSAtLT4FBwgECAQIBggFBwgHCAcIBggOCA4IC0gBBBgWEx8JCAYFBwUHCAcECgcCDlUAFhAJDQ4IDg0SDQ4RFggLCgMGRwAFBwa0AQ8BBAAAAQcABAECAB8BAAAIQgEBAEEAAAIVQSeLBEEFHwEeATYBHwE6AR8BG0EIAk4AfQF3EzIwMjYtMDMtMjZUMTU6MDA6NDl3CWNvbnRhY3QtMncHcHVibGlzaH2TtJDQAX0AdwZjbG9zZWR3BmNsb3NlZHcAdwB3AHl5dwB7QnnToPBaMAB7QeLPhKLAAAB4dyQwMzY0MmE1MS00YzRlLTRhNmEtOTA5Ni1hZTE1MTg0ZTYxOTJ3DmNvcmUvcGFyYWdyYXBoeQUAdyRkODFjNGE1NS01YWYxLTRjNTItYmNiMy0xZDg3NGZkZjJhN2R3FmZvcm1pZGFibGUvc2ltcGxlLWZvcm13ATIClsrwswkEHQABAAESAacEp7\/OgwUBAAA=\",\"updateId\":489244158}","site-sidebar-layout":"default","site-content-layout":"","ast-site-content-layout":"default","site-content-style":"default","site-sidebar-style":"default","ast-global-header-display":"","ast-banner-title-visibility":"","ast-main-header-display":"","ast-hfb-above-header-display":"","ast-hfb-below-header-display":"","ast-hfb-mobile-header-display":"","site-post-title":"","ast-breadcrumbs-content":"","ast-featured-img":"","footer-sml-layout":"","ast-disable-related-posts":"","theme-transparent-header-meta":"","adv-header-id-meta":"","stick-header-meta":"","header-above-stick-meta":"","header-main-stick-meta":"","header-below-stick-meta":"","astra-migrate-meta-layouts":"default","ast-page-background-enabled":"default","ast-page-background-meta":{"desktop":{"background-color":"var(--ast-global-color-5)","background-image":"","background-repeat":"repeat","background-position":"center center","background-size":"auto","background-attachment":"scroll","background-type":"","background-media":"","overlay-type":"","overlay-color":"","overlay-opacity":"","overlay-gradient":""},"tablet":{"background-color":"","background-image":"","background-repeat":"repeat","background-position":"center center","background-size":"auto","background-attachment":"scroll","background-type":"","background-media":"","overlay-type":"","overlay-color":"","overlay-opacity":"","overlay-gradient":""},"mobile":{"background-color":"","background-image":"","background-repeat":"repeat","background-position":"center center","background-size":"auto","background-attachment":"scroll","background-type":"","background-media":"","overlay-type":"","overlay-color":"","overlay-opacity":"","overlay-gradient":""}},"ast-content-background-meta":{"desktop":{"background-color":"var(--ast-global-color-4)","background-image":"","background-repeat":"repeat","background-position":"center center","background-size":"auto","background-attachment":"scroll","background-type":"","background-media":"","overlay-type":"","overlay-color":"","overlay-opacity":"","overlay-gradient":""},"tablet":{"background-color":"var(--ast-global-color-4)","background-image":"","background-repeat":"repeat","background-position":"center center","background-size":"auto","background-attachment":"scroll","background-type":"","background-media":"","overlay-type":"","overlay-color":"","overlay-opacity":"","overlay-gradient":""},"mobile":{"background-color":"var(--ast-global-color-4)","background-image":"","background-repeat":"repeat","background-position":"center center","background-size":"auto","background-attachment":"scroll","background-type":"","background-media":"","overlay-type":"","overlay-color":"","overlay-opacity":"","overlay-gradient":""}},"jetpack_post_was_ever_published":false,"footnotes":""},"class_list":["post-351","page","type-page","status-publish","hentry"],"yoast_head":"<!-- This site is optimized with the Yoast SEO plugin v27.3 - https:\/\/yoast.com\/product\/yoast-seo-wordpress\/ -->\n<title>CONTACT -<\/title>\n<meta name=\"robots\" content=\"index, follow, max-snippet:-1, max-image-preview:large, max-video-preview:-1\" \/>\n<link rel=\"canonical\" href=\"https:\/\/laurentidesimmobilier.ca\/contact-2\/\" \/>\n<meta property=\"og:locale\" content=\"fr_FR\" \/>\n<meta property=\"og:type\" content=\"article\" \/>\n<meta property=\"og:title\" content=\"CONTACT -\" \/>\n<meta property=\"og:url\" content=\"https:\/\/laurentidesimmobilier.ca\/contact-2\/\" \/>\n<meta property=\"article:publisher\" content=\"https:\/\/www.facebook.com\/profile.php?id=61571886960530&amp;locale=fr_CA\" \/>\n<meta property=\"article:modified_time\" content=\"2026-03-29T15:11:55+00:00\" \/>\n<meta name=\"twitter:card\" content=\"summary_large_image\" \/>\n<script type=\"application\/ld+json\" class=\"yoast-schema-graph\">{\"@context\":\"https:\\\/\\\/schema.org\",\"@graph\":[{\"@type\":\"WebPage\",\"@id\":\"https:\\\/\\\/laurentidesimmobilier.ca\\\/contact-2\\\/\",\"url\":\"https:\\\/\\\/laurentidesimmobilier.ca\\\/contact-2\\\/\",\"name\":\"CONTACT -\",\"isPartOf\":{\"@id\":\"https:\\\/\\\/laurentidesimmobilier.ca\\\/#website\"},\"datePublished\":\"2026-03-26T19:00:49+00:00\",\"dateModified\":\"2026-03-29T15:11:55+00:00\",\"breadcrumb\":{\"@id\":\"https:\\\/\\\/laurentidesimmobilier.ca\\\/contact-2\\\/#breadcrumb\"},\"inLanguage\":\"fr-FR\",\"potentialAction\":[{\"@type\":\"ReadAction\",\"target\":[\"https:\\\/\\\/laurentidesimmobilier.ca\\\/contact-2\\\/\"]}]},{\"@type\":\"BreadcrumbList\",\"@id\":\"https:\\\/\\\/laurentidesimmobilier.ca\\\/contact-2\\\/#breadcrumb\",\"itemListElement\":[{\"@type\":\"ListItem\",\"position\":1,\"name\":\"Accueil\",\"item\":\"https:\\\/\\\/laurentidesimmobilier.ca\\\/\"},{\"@type\":\"ListItem\",\"position\":2,\"name\":\"CONTACT\"}]},{\"@type\":\"WebSite\",\"@id\":\"https:\\\/\\\/laurentidesimmobilier.ca\\\/#website\",\"url\":\"https:\\\/\\\/laurentidesimmobilier.ca\\\/\",\"name\":\"Laurentides Immobilier\",\"description\":\"\",\"publisher\":{\"@id\":\"https:\\\/\\\/laurentidesimmobilier.ca\\\/#organization\"},\"potentialAction\":[{\"@type\":\"SearchAction\",\"target\":{\"@type\":\"EntryPoint\",\"urlTemplate\":\"https:\\\/\\\/laurentidesimmobilier.ca\\\/?s={search_term_string}\"},\"query-input\":{\"@type\":\"PropertyValueSpecification\",\"valueRequired\":true,\"valueName\":\"search_term_string\"}}],\"inLanguage\":\"fr-FR\"},{\"@type\":\"Organization\",\"@id\":\"https:\\\/\\\/laurentidesimmobilier.ca\\\/#organization\",\"name\":\"Nicolas Michaud\",\"url\":\"https:\\\/\\\/laurentidesimmobilier.ca\\\/\",\"logo\":{\"@type\":\"ImageObject\",\"inLanguage\":\"fr-FR\",\"@id\":\"https:\\\/\\\/laurentidesimmobilier.ca\\\/#\\\/schema\\\/logo\\\/image\\\/\",\"url\":\"https:\\\/\\\/i0.wp.com\\\/laurentidesimmobilier.ca\\\/wp-content\\\/uploads\\\/2026\\\/03\\\/cropped-logo-final-transparent.png?fit=1183%2C847&ssl=1\",\"contentUrl\":\"https:\\\/\\\/i0.wp.com\\\/laurentidesimmobilier.ca\\\/wp-content\\\/uploads\\\/2026\\\/03\\\/cropped-logo-final-transparent.png?fit=1183%2C847&ssl=1\",\"width\":1183,\"height\":847,\"caption\":\"Nicolas Michaud\"},\"image\":{\"@id\":\"https:\\\/\\\/laurentidesimmobilier.ca\\\/#\\\/schema\\\/logo\\\/image\\\/\"},\"sameAs\":[\"https:\\\/\\\/www.facebook.com\\\/profile.php?id=61571886960530&locale=fr_CA\"]}]}<\/script>\n<!-- \/ Yoast SEO plugin. -->","yoast_head_json":{"title":"CONTACT -","robots":{"index":"index","follow":"follow","max-snippet":"max-snippet:-1","max-image-preview":"max-image-preview:large","max-video-preview":"max-video-preview:-1"},"canonical":"https:\/\/laurentidesimmobilier.ca\/contact-2\/","og_locale":"fr_FR","og_type":"article","og_title":"CONTACT -","og_url":"https:\/\/laurentidesimmobilier.ca\/contact-2\/","article_publisher":"https:\/\/www.facebook.com\/profile.php?id=61571886960530&locale=fr_CA","article_modified_time":"2026-03-29T15:11:55+00:00","twitter_card":"summary_large_image","schema":{"@context":"https:\/\/schema.org","@graph":[{"@type":"WebPage","@id":"https:\/\/laurentidesimmobilier.ca\/contact-2\/","url":"https:\/\/laurentidesimmobilier.ca\/contact-2\/","name":"CONTACT -","isPartOf":{"@id":"https:\/\/laurentidesimmobilier.ca\/#website"},"datePublished":"2026-03-26T19:00:49+00:00","dateModified":"2026-03-29T15:11:55+00:00","breadcrumb":{"@id":"https:\/\/laurentidesimmobilier.ca\/contact-2\/#breadcrumb"},"inLanguage":"fr-FR","potentialAction":[{"@type":"ReadAction","target":["https:\/\/laurentidesimmobilier.ca\/contact-2\/"]}]},{"@type":"BreadcrumbList","@id":"https:\/\/laurentidesimmobilier.ca\/contact-2\/#breadcrumb","itemListElement":[{"@type":"ListItem","position":1,"name":"Accueil","item":"https:\/\/laurentidesimmobilier.ca\/"},{"@type":"ListItem","position":2,"name":"CONTACT"}]},{"@type":"WebSite","@id":"https:\/\/laurentidesimmobilier.ca\/#website","url":"https:\/\/laurentidesimmobilier.ca\/","name":"Laurentides Immobilier","description":"","publisher":{"@id":"https:\/\/laurentidesimmobilier.ca\/#organization"},"potentialAction":[{"@type":"SearchAction","target":{"@type":"EntryPoint","urlTemplate":"https:\/\/laurentidesimmobilier.ca\/?s={search_term_string}"},"query-input":{"@type":"PropertyValueSpecification","valueRequired":true,"valueName":"search_term_string"}}],"inLanguage":"fr-FR"},{"@type":"Organization","@id":"https:\/\/laurentidesimmobilier.ca\/#organization","name":"Nicolas Michaud","url":"https:\/\/laurentidesimmobilier.ca\/","logo":{"@type":"ImageObject","inLanguage":"fr-FR","@id":"https:\/\/laurentidesimmobilier.ca\/#\/schema\/logo\/image\/","url":"https:\/\/i0.wp.com\/laurentidesimmobilier.ca\/wp-content\/uploads\/2026\/03\/cropped-logo-final-transparent.png?fit=1183%2C847&ssl=1","contentUrl":"https:\/\/i0.wp.com\/laurentidesimmobilier.ca\/wp-content\/uploads\/2026\/03\/cropped-logo-final-transparent.png?fit=1183%2C847&ssl=1","width":1183,"height":847,"caption":"Nicolas Michaud"},"image":{"@id":"https:\/\/laurentidesimmobilier.ca\/#\/schema\/logo\/image\/"},"sameAs":["https:\/\/www.facebook.com\/profile.php?id=61571886960530&locale=fr_CA"]}]}},"jetpack_likes_enabled":true,"jetpack_sharing_enabled":true,"jetpack_shortlink":"https:\/\/wp.me\/PgtAhn-5F","jetpack-related-posts":[{"id":515,"url":"https:\/\/laurentidesimmobilier.ca\/evaluation-immobiliere\/","url_meta":{"origin":351,"position":0},"title":"\u00c9VALUATION IMMOBILI\u00c8RE","author":"nicolasmichaud12","date":"29 mars 2026","format":false,"excerpt":"","rel":"","context":"Article similaire","block_context":{"text":"Article similaire","link":""},"img":{"alt_text":"","src":"","width":0,"height":0},"classes":[]},{"id":1,"url":"https:\/\/laurentidesimmobilier.ca\/a-propos\/","url_meta":{"origin":351,"position":1},"title":"OUTILS","author":"nicolasmichaud12","date":"11 avril 2025","format":false,"excerpt":"Calculatrice hypoth\u00e9caire Calcul de la taxe de mutation Tout savoir sur la taxe de mutation (Taxe de bienvenue) La taxe de mutation est une taxe impos\u00e9e par les municipalit\u00e9s lors de l\u2019acquisition d\u2019un immeuble sur leur territoire. Elle est payable par l\u2019acqu\u00e9reur dans les mois suivant la transaction chez le\u2026","rel":"","context":"Article similaire","block_context":{"text":"Article similaire","link":""},"img":{"alt_text":"","src":"","width":0,"height":0},"classes":[]},{"id":501,"url":"https:\/\/laurentidesimmobilier.ca\/calcul-de-taxe-de-mutation\/","url_meta":{"origin":351,"position":2},"title":"Calcul de la taxe de mutation","author":"nicolasmichaud12","date":"29 mars 2026","format":false,"excerpt":"Tout savoir sur la taxe de mutation (Taxe de bienvenue) La taxe de mutation est une taxe impos\u00e9e par les municipalit\u00e9s lors de l'acquisition d'un immeuble sur leur territoire. Elle est payable par l'acqu\u00e9reur dans les mois suivant la transaction chez le notaire. Calcul standard au Qu\u00e9bec (incluant les Laurentides)\u2026","rel":"","context":"Article similaire","block_context":{"text":"Article similaire","link":""},"img":{"alt_text":"","src":"","width":0,"height":0},"classes":[]},{"id":357,"url":"https:\/\/laurentidesimmobilier.ca\/","url_meta":{"origin":351,"position":3},"title":"ACCUEIL","author":"","date":"26 mars 2026","format":false,"excerpt":"Vous cherchez un courtier immobilier \u00e0 Saint-J\u00e9r\u00f4me ? Je suis Nicolas Michaud et je vous accompagne dans tous vos projets dans les Laurentides. Que ce soit pour l'achat ou la vente d'une propri\u00e9t\u00e9, mon approche humaine et mon expertise technique font la diff\u00e9rence. Bienvenue chez vous. Acheter ou vendre une\u2026","rel":"","context":"Article similaire","block_context":{"text":"Article similaire","link":""},"img":{"alt_text":"","src":"https:\/\/i0.wp.com\/laurentidesimmobilier.ca\/wp-content\/uploads\/2026\/04\/Gemini_Generated_Image_fl21xjfl21xjfl21-1000000.png?resize=350%2C200&ssl=1","width":350,"height":200,"srcset":"https:\/\/i0.wp.com\/laurentidesimmobilier.ca\/wp-content\/uploads\/2026\/04\/Gemini_Generated_Image_fl21xjfl21xjfl21-1000000.png?resize=350%2C200&ssl=1 1x, https:\/\/i0.wp.com\/laurentidesimmobilier.ca\/wp-content\/uploads\/2026\/04\/Gemini_Generated_Image_fl21xjfl21xjfl21-1000000.png?resize=525%2C300&ssl=1 1.5x, https:\/\/i0.wp.com\/laurentidesimmobilier.ca\/wp-content\/uploads\/2026\/04\/Gemini_Generated_Image_fl21xjfl21xjfl21-1000000.png?resize=700%2C400&ssl=1 2x, https:\/\/i0.wp.com\/laurentidesimmobilier.ca\/wp-content\/uploads\/2026\/04\/Gemini_Generated_Image_fl21xjfl21xjfl21-1000000.png?resize=1050%2C600&ssl=1 3x, https:\/\/i0.wp.com\/laurentidesimmobilier.ca\/wp-content\/uploads\/2026\/04\/Gemini_Generated_Image_fl21xjfl21xjfl21-1000000.png?resize=1400%2C800&ssl=1 4x"},"classes":[]},{"id":650,"url":"https:\/\/laurentidesimmobilier.ca\/vendre-renover-ou-rester\/","url_meta":{"origin":351,"position":4},"title":"VENDRE, R\u00c9NOVER&#8230; OU RESTER?","author":"nicolasmichaud12","date":"2 avril 2026","format":false,"excerpt":"Vendre, r\u00e9nover\u2026 ou rester? Quelle est la meilleure d\u00e9cision pour votre propri\u00e9t\u00e9? Plusieurs propri\u00e9taires se posent la m\u00eame question :devrais-je vendre ma propri\u00e9t\u00e9 ou investir dans des r\u00e9novations? Mais en r\u00e9alit\u00e9, il existe souvent trois options \u00e0 consid\u00e9rer : R\u00e9nover avant de vendre Vendre la propri\u00e9t\u00e9 telle quelle Garder la\u2026","rel":"","context":"Article similaire","block_context":{"text":"Article similaire","link":""},"img":{"alt_text":"","src":"https:\/\/laurentidesimmobilier.ca\/wp-content\/uploads\/2026\/04\/Nouvelle-image-blog-2500-306-x-4--1024x535.avif","width":350,"height":200,"srcset":"https:\/\/laurentidesimmobilier.ca\/wp-content\/uploads\/2026\/04\/Nouvelle-image-blog-2500-306-x-4--1024x535.avif 1x, https:\/\/laurentidesimmobilier.ca\/wp-content\/uploads\/2026\/04\/Nouvelle-image-blog-2500-306-x-4--1024x535.avif 1.5x, https:\/\/laurentidesimmobilier.ca\/wp-content\/uploads\/2026\/04\/Nouvelle-image-blog-2500-306-x-4--1024x535.avif 2x, https:\/\/laurentidesimmobilier.ca\/wp-content\/uploads\/2026\/04\/Nouvelle-image-blog-2500-306-x-4--1024x535.avif 3x"},"classes":[]}],"_links":{"self":[{"href":"https:\/\/laurentidesimmobilier.ca\/wp-json\/wp\/v2\/pages\/351","targetHints":{"allow":["GET"]}}],"collection":[{"href":"https:\/\/laurentidesimmobilier.ca\/wp-json\/wp\/v2\/pages"}],"about":[{"href":"https:\/\/laurentidesimmobilier.ca\/wp-json\/wp\/v2\/types\/page"}],"author":[{"embeddable":true,"href":"https:\/\/laurentidesimmobilier.ca\/wp-json\/wp\/v2\/users\/218238227"}],"replies":[{"embeddable":true,"href":"https:\/\/laurentidesimmobilier.ca\/wp-json\/wp\/v2\/comments?post=351"}],"version-history":[{"count":3,"href":"https:\/\/laurentidesimmobilier.ca\/wp-json\/wp\/v2\/pages\/351\/revisions"}],"predecessor-version":[{"id":433,"href":"https:\/\/laurentidesimmobilier.ca\/wp-json\/wp\/v2\/pages\/351\/revisions\/433"}],"wp:attachment":[{"href":"https:\/\/laurentidesimmobilier.ca\/wp-json\/wp\/v2\/media?parent=351"}],"curies":[{"name":"wp","href":"https:\/\/api.w.org\/{rel}","templated":true}]}}